{"id":1661,"date":"2021-08-04T10:40:36","date_gmt":"2021-08-04T10:40:36","guid":{"rendered":"http:\/\/leba.biz\/ksiestwo\/?page_id=12"},"modified":"2024-09-02T17:56:47","modified_gmt":"2024-09-02T17:56:47","slug":"sekcja-strony-glownej","status":"publish","type":"page","link":"https:\/\/itleba.pl\/ksiestwo\/sekcja-strony-glownej\/","title":{"rendered":"HISTORIA"},"content":{"rendered":"\n<p><strong>Ksi\u0119stwo \u0141eba \u2013 Tak to si\u0119 zacz\u0119\u0142o<\/strong><\/p>\n\n\n\n<p style=\"text-align: justify;\">&nbsp;&nbsp;&nbsp;&nbsp;&nbsp;A by\u0142o to tak, kiedy\u015b dawno, dawno temu gdy nasz pi\u0119kny kraj czeka\u0142 na nowy podzia\u0142 wojew\u00f3dztw. Szalona kobieta o imieniu Ewa stwierdzi\u0142a pij\u0105c kaw\u0119 \u2026a mo\u017ce nasz\u0105 \u0141eb\u0119 og\u0142osi\u0107 Ksi\u0119stwem? Obecni przy kawie lekko si\u0119 roze\u015bmiali i na tym uroczy wiecz\u00f3r si\u0119 sko\u0144czy\u0142.<br>&nbsp;&nbsp;&nbsp;&nbsp;&nbsp;Pewnego zimowego poranka zawita\u0142a Justyna dziennikarka z Super Expressu, chcia\u0142a wydoby\u0107 kas\u0119 na jak\u0105\u015b reklam\u0119 o \u0141ebie. Ewa zarazi\u0142a j\u0105 tym pomys\u0142em. I posz\u0142o w \u015bwiat!<br>&nbsp;&nbsp;&nbsp;&nbsp;&nbsp;Dzwonili dziennikarze do Ewy, Haliny Burmistrza Miasta z pytaniami, a gdzie ksi\u0105\u017c\u0119, dw\u00f3r, paszporty, znaczki, etc? Kazimierz \u0141ebianin, senator, udost\u0119pni\u0142 swoje pami\u0105tki z podr\u00f3\u017cy, i tak si\u0119 zacz\u0119\u0142o, aby nasze pami\u0105tki sta\u0142y si\u0119 okaza\u0142e, pi\u0119kne turystom na pocieszenie.<br>&nbsp;&nbsp;&nbsp;&nbsp;&nbsp;Zapytacie, co z Ksi\u0119ciem? Ano wybra\u0142 nasz \u0141ebski ludek ksi\u0119cia Henryka I \u0141ebskiego w wyborach wolnych, demokratycznych. By\u0142a parada, bal na 100 fajerek, dw\u00f3r okaza\u0142y i wszystko co przystoi naszemu miastu. D\u0142ugo by opowiada\u0107, o naszych przemarszach, wyjazdach za morze, o go\u015bciach kt\u00f3rzy nas odwiedzaj\u0105, konsulach honorowych, wizytach braci rycerskiej. A wszystko to dzia\u0142o si\u0119 i dzieje bo dw\u00f3r ksi\u0105\u017c\u0119cy jest wspania\u0142y, pe\u0142en ludzi odwa\u017cnych, pracowitych, nieugi\u0119tych\u2026 Taka w\u0142a\u015bnie jest Zaczarowana Kraina Ksi\u0119stwo \u0141eba.<br>&nbsp;&nbsp;&nbsp;&nbsp;&nbsp;Co roku w \u015awi\u0119to \u0141eby \u2013 8 lipca dla upami\u0119tnienia powstania Ksi\u0119stwa dw\u00f3r z turystami, dzie\u0107mi z kolonii przemierza ulice grodu \u0141eba, aby ludzie wiedzieli \u017ce tutaj traktuje si\u0119 wszystkich jak Ksi\u0105\u017c\u0105t!!<br>\n<br>&nbsp;&nbsp;&nbsp;&nbsp;&nbsp;Serdecznie Podzi\u0119kowania tym co uwierzyli i zacz\u0119li to pi\u0119kne widowisko :<\/p>\n\n\n\n<p><br>&nbsp;&nbsp;&nbsp;&nbsp;&nbsp;Ewie<br>&nbsp;&nbsp;&nbsp;&nbsp;&nbsp;Jurkowi i Ali<br>&nbsp;&nbsp;&nbsp;&nbsp;&nbsp;Halinie i Andrzejowi<br>&nbsp;&nbsp;&nbsp;&nbsp;&nbsp;Staszkowi i Mirkowi<br>&nbsp;&nbsp;&nbsp;&nbsp;&nbsp;Rudolfowi<br>&nbsp;&nbsp;&nbsp;&nbsp;&nbsp;El\u017cbiecie i Kazimierzowi<br>&nbsp;&nbsp;&nbsp;&nbsp;&nbsp;Bronis\u0142awowi i Halinie<br>&nbsp;&nbsp;&nbsp;&nbsp;&nbsp;Kazimierzowi<br>&nbsp;&nbsp;&nbsp;&nbsp;&nbsp;Marcie<br>&nbsp;&nbsp;&nbsp;&nbsp;&nbsp;Ewie i Stefanowi<br>&nbsp;&nbsp;&nbsp;&nbsp;&nbsp;Parze Ksi\u0105\u017c\u0119cej Henrykowi i Gra\u017cynie<\/p>\n\n\n\n<p class=\"has-text-align-right\"><strong>Wielka Kapitu\u0142a Ksi\u0119stwa \u0141eby<\/strong><\/p>\n\n\n\n<figure class=\"wp-block-image size-full\"><img loading=\"lazy\" decoding=\"async\" width=\"800\" height=\"147\" src=\"https:\/\/itleba.pl\/ksiestwo\/wp-content\/uploads\/2023\/09\/stopka.png\" alt=\"\" class=\"wp-image-903\" srcset=\"https:\/\/itleba.pl\/ksiestwo\/wp-content\/uploads\/2023\/09\/stopka.png 800w, https:\/\/itleba.pl\/ksiestwo\/wp-content\/uploads\/2023\/09\/stopka-300x55.png 300w, https:\/\/itleba.pl\/ksiestwo\/wp-content\/uploads\/2023\/09\/stopka-768x141.png 768w\" sizes=\"auto, (max-width: 767px) 89vw, (max-width: 1000px) 54vw, (max-width: 1071px) 543px, 580px\" \/><\/figure>\n\n\n\n<div class=\"wp-block-columns is-layout-flex wp-container-core-columns-is-layout-9d6595d7 wp-block-columns-is-layout-flex\">\n<div class=\"wp-block-column is-layout-flow wp-block-column-is-layout-flow\">\n<figure class=\"wp-block-image size-full size-large\"><a href=\"https:\/\/itleba.pl\/ksiestwo\/historia-ksiestwa-leby\/\"><img loading=\"lazy\" decoding=\"async\" width=\"512\" height=\"330\" src=\"https:\/\/itleba.pl\/ksiestwo\/wp-content\/uploads\/2023\/09\/historia-ksiestwa-leby.webp\" alt=\"\" class=\"wp-image-990\" srcset=\"https:\/\/itleba.pl\/ksiestwo\/wp-content\/uploads\/2023\/09\/historia-ksiestwa-leby.webp 512w, https:\/\/itleba.pl\/ksiestwo\/wp-content\/uploads\/2023\/09\/historia-ksiestwa-leby-300x193.webp 300w\" sizes=\"auto, (max-width: 512px) 100vw, 512px\" \/><\/a><figcaption class=\"wp-element-caption\"><strong>Historia Ksi\u0119stwa \u0141eby<\/strong><\/figcaption><\/figure>\n\n\n\n<p>Nie chcemy nale\u017ce\u0107 do S\u0142upska, ani do Gda\u0144ska, a tym bardziej do powiatu l\u0119borskiego. Chcemy, \u2026..<\/p>\n<\/div>\n\n\n\n<div class=\"wp-block-column is-layout-flow wp-block-column-is-layout-flow\">\n<figure class=\"wp-block-image size-full size-large\"><a href=\"https:\/\/itleba.pl\/galeria\/pamiatki-z-ksiestwa-leby-1998\/\"><img loading=\"lazy\" decoding=\"async\" width=\"512\" height=\"330\" src=\"https:\/\/itleba.pl\/ksiestwo\/wp-content\/uploads\/2023\/09\/historia.webp\" alt=\"\" class=\"wp-image-988\" srcset=\"https:\/\/itleba.pl\/ksiestwo\/wp-content\/uploads\/2023\/09\/historia.webp 512w, https:\/\/itleba.pl\/ksiestwo\/wp-content\/uploads\/2023\/09\/historia-300x193.webp 300w\" sizes=\"auto, (max-width: 512px) 100vw, 512px\" \/><\/a><figcaption class=\"wp-element-caption\"><strong>Ksi\u0119stwo \u0141eba pami\u0105tki 1998<\/strong><\/figcaption><\/figure>\n\n\n\n<p>Pocz\u0105tki \u0141eby si\u0119gaj\u0105 X wieku, najstarszy znany dokument pochodzi z 1282 roku. Prawa miejskie \u0141eba uzyska\u0142a w 1357 roku.<\/p>\n<\/div>\n<\/div>\n\n\n\n<div class=\"wp-block-columns is-layout-flex wp-container-core-columns-is-layout-9d6595d7 wp-block-columns-is-layout-flex\">\n<div class=\"wp-block-column is-layout-flow wp-block-column-is-layout-flow\">\n<figure class=\"wp-block-image size-full\"><a href=\"https:\/\/itleba.pl\/ksiestwo\/ksiestwo-leba-artykuly-prasowe\/\"><img loading=\"lazy\" decoding=\"async\" width=\"512\" height=\"330\" src=\"https:\/\/itleba.pl\/ksiestwo\/wp-content\/uploads\/2023\/09\/informacje-prasowe.webp\" alt=\"\" class=\"wp-image-993\" srcset=\"https:\/\/itleba.pl\/ksiestwo\/wp-content\/uploads\/2023\/09\/informacje-prasowe.webp 512w, https:\/\/itleba.pl\/ksiestwo\/wp-content\/uploads\/2023\/09\/informacje-prasowe-300x193.webp 300w\" sizes=\"auto, (max-width: 512px) 100vw, 512px\" \/><\/a><figcaption class=\"wp-element-caption\"><strong>Ksi\u0119stwo \u0141eba &#8211; informacje o prasowe<\/strong><\/figcaption><\/figure>\n\n\n\n<p>Archiwum prasowe Ksi\u0119stwa \u0141eba. W tamtych czasach informacje ukazywa\u0142y si\u0119 w wielu gazetach, radiu czy telewizji<\/p>\n<\/div>\n\n\n\n<div class=\"wp-block-column is-layout-flow wp-block-column-is-layout-flow\">\n<figure class=\"wp-block-image size-full\"><a href=\"https:\/\/itleba.pl\/ksiestwo\/ksiestwo-leba-informacje-medialne\/\"><img loading=\"lazy\" decoding=\"async\" width=\"512\" height=\"330\" src=\"https:\/\/itleba.pl\/ksiestwo\/wp-content\/uploads\/2023\/09\/tvp1-1.webp\" alt=\"Ksi\u0119stwo \u0141eba - teleexspress\" class=\"wp-image-984\" srcset=\"https:\/\/itleba.pl\/ksiestwo\/wp-content\/uploads\/2023\/09\/tvp1-1.webp 512w, https:\/\/itleba.pl\/ksiestwo\/wp-content\/uploads\/2023\/09\/tvp1-1-300x193.webp 300w\" sizes=\"auto, (max-width: 512px) 100vw, 512px\" \/><\/a><figcaption class=\"wp-element-caption\"><strong>Ksi\u0119stwo \u0141eba &#8211; informacje medialne<\/strong><\/figcaption><\/figure>\n\n\n\n<p>Archiwum medialne Ksi\u0119stwa \u0141eba. W tamtych czasach informacje ukazywa\u0142y si\u0119 w wielu stacjach radiowych czy telewizyjnych<\/p>\n<\/div>\n<\/div>\n\n\n\n<div class=\"wp-block-columns is-layout-flex wp-container-core-columns-is-layout-9d6595d7 wp-block-columns-is-layout-flex\">\n<div class=\"wp-block-column is-layout-flow wp-block-column-is-layout-flow\">\n<figure class=\"wp-block-image size-full\"><a href=\"https:\/\/itleba.pl\/ksiestwo\/ksiestwo-leba-galeria-fotografii\/\"><img loading=\"lazy\" decoding=\"async\" width=\"512\" height=\"330\" src=\"https:\/\/itleba.pl\/ksiestwo\/wp-content\/uploads\/2023\/09\/galeria-fotografii.webp\" alt=\"\" class=\"wp-image-1002\" style=\"object-fit:cover\" srcset=\"https:\/\/itleba.pl\/ksiestwo\/wp-content\/uploads\/2023\/09\/galeria-fotografii.webp 512w, https:\/\/itleba.pl\/ksiestwo\/wp-content\/uploads\/2023\/09\/galeria-fotografii-300x193.webp 300w\" sizes=\"auto, (max-width: 512px) 100vw, 512px\" \/><\/a><figcaption class=\"wp-element-caption\"><strong>Ksi\u0119stwo \u0141eba &#8211; galeria fotografii<\/strong><\/figcaption><\/figure>\n\n\n\n<p>Przygoda z Ksi\u0119stwem w mie\u015bcie \u0141eba zaczyna\u0142a si\u0119 magicznie co wida\u0107 w relacji fotograficznej<\/p>\n<\/div>\n\n\n\n<div class=\"wp-block-column is-layout-flow wp-block-column-is-layout-flow\">\n<figure class=\"wp-block-image size-full\"><a href=\"https:\/\/itleba.pl\/ksiestwo\/ksiestwo-leba-bajka\/\"><img loading=\"lazy\" decoding=\"async\" width=\"512\" height=\"330\" src=\"https:\/\/itleba.pl\/ksiestwo\/wp-content\/uploads\/2023\/09\/bajka-1.webp\" alt=\"\" class=\"wp-image-997\" srcset=\"https:\/\/itleba.pl\/ksiestwo\/wp-content\/uploads\/2023\/09\/bajka-1.webp 512w, https:\/\/itleba.pl\/ksiestwo\/wp-content\/uploads\/2023\/09\/bajka-1-300x193.webp 300w\" sizes=\"auto, (max-width: 512px) 100vw, 512px\" \/><\/a><figcaption class=\"wp-element-caption\"><strong>Ksi\u0119stwo \u0141eba &#8211; bajka<\/strong><\/figcaption><\/figure>\n\n\n\n<p>Witajcie w naszej bajce. Oto przyk\u0142ad literackiej tw\u00f3rczo\u015bci inspirowanej przez wydarzenia tamtych czas\u00f3w.<\/p>\n<\/div>\n<\/div>\n","protected":false},"excerpt":{"rendered":"<p>Ksi\u0119stwo \u0141eba \u2013 Tak to si\u0119 zacz\u0119\u0142o &nbsp;&nbsp;&nbsp;&nbsp;&nbsp;A by\u0142o to tak, kiedy\u015b dawno, dawno temu gdy nasz pi\u0119kny kraj czeka\u0142 na nowy podzia\u0142 wojew\u00f3dztw. Szalona kobieta o imieniu Ewa stwierdzi\u0142a pij\u0105c kaw\u0119 \u2026a mo\u017ce nasz\u0105 \u0141eb\u0119 og\u0142osi\u0107 Ksi\u0119stwem? Obecni przy kawie lekko si\u0119 roze\u015bmiali i na tym uroczy wiecz\u00f3r si\u0119 sko\u0144czy\u0142.&nbsp;&nbsp;&nbsp;&nbsp;&nbsp;Pewnego zimowego poranka zawita\u0142a Justyna &hellip; <\/p>\n<p class=\"link-more\"><a href=\"https:\/\/itleba.pl\/ksiestwo\/sekcja-strony-glownej\/\" class=\"more-link\">Czytaj dalej<span class=\"screen-reader-text\"> \u201eHISTORIA\u201d<\/span><\/a><\/p>\n","protected":false},"author":1,"featured_media":87,"parent":0,"menu_order":0,"comment_status":"closed","ping_status":"closed","template":"","meta":{"footnotes":""},"class_list":["post-1661","page","type-page","status-publish","has-post-thumbnail","hentry"],"_links":{"self":[{"href":"https:\/\/itleba.pl\/ksiestwo\/wp-json\/wp\/v2\/pages\/1661","targetHints":{"allow":["GET"]}}],"collection":[{"href":"https:\/\/itleba.pl\/ksiestwo\/wp-json\/wp\/v2\/pages"}],"about":[{"href":"https:\/\/itleba.pl\/ksiestwo\/wp-json\/wp\/v2\/types\/page"}],"author":[{"embeddable":true,"href":"https:\/\/itleba.pl\/ksiestwo\/wp-json\/wp\/v2\/users\/1"}],"replies":[{"embeddable":true,"href":"https:\/\/itleba.pl\/ksiestwo\/wp-json\/wp\/v2\/comments?post=1661"}],"version-history":[{"count":6,"href":"https:\/\/itleba.pl\/ksiestwo\/wp-json\/wp\/v2\/pages\/1661\/revisions"}],"predecessor-version":[{"id":1892,"href":"https:\/\/itleba.pl\/ksiestwo\/wp-json\/wp\/v2\/pages\/1661\/revisions\/1892"}],"wp:featuredmedia":[{"embeddable":true,"href":"https:\/\/itleba.pl\/ksiestwo\/wp-json\/wp\/v2\/media\/87"}],"wp:attachment":[{"href":"https:\/\/itleba.pl\/ksiestwo\/wp-json\/wp\/v2\/media?parent=1661"}],"curies":[{"name":"wp","href":"https:\/\/api.w.org\/{rel}","templated":true}]}}