{"id":1659,"date":"2021-08-04T10:40:36","date_gmt":"2021-08-04T10:40:36","guid":{"rendered":"http:\/\/leba.biz\/ksiestwo\/?page_id=9"},"modified":"2024-08-28T16:24:10","modified_gmt":"2024-08-28T16:24:10","slug":"informacje","status":"publish","type":"page","link":"https:\/\/itleba.pl\/ksiestwo\/informacje\/","title":{"rendered":"PRZEWODNIK"},"content":{"rendered":"\n<p style=\"text-align: justify\">&nbsp;&nbsp;&nbsp;&nbsp;&nbsp;Mo\u017cesz by\u0107 artyst\u0105, kt\u00f3ry chcia\u0142by przedstawi\u0107 siebie i swoj\u0105 prac\u0119, a mo\u017ce to strona \u0141eba po\u0142o\u017cona jest w p\u00f3\u0142nocnej cz\u0119\u015bci powiatu l\u0119borskiego pomi\u0119dzy jeziorami \u0141ebsko i Sarbsko, przy uj\u015bciu rzeki \u0141eby do Morza Ba\u0142tyckiego w otulinie las\u00f3w S\u0142owi\u0144skiego Parku Narodowego oraz Rezerwatu Mierzei Sarbskiej. \u0141eba w roku 1357 otrzyma\u0142a prawa miejskie. Pomimo \u017ce by\u0142a niedu\u017cym miastem, prowadzi\u0142a rozleg\u0142y handel z miastami hanzeatyckimi. Rozw\u00f3j komunikacji kolejowej i drogowej zapocz\u0105tkowa\u0142 turystyczne dzieje miasta. Ze wzgl\u0119du na swe krajobrazowe i przyrodnicze walory, \u0141eba sta\u0142a si\u0119 w\u00f3wczas ulubionym miejscem wypoczynku niemieckich gwiazd i artyst\u00f3w. Intensywny rozkwit miejscowo\u015bci pod wzgl\u0119dem turystycznym przynios\u0142y dopiero lata powojenne. Pocz\u0105wszy od kwietnia 1945 r. a\u017c po dzie\u0144 dzisiejszy, \u0141eba jest ch\u0119tnie odwiedzanym kurortem letniskowym, a tak\u017ce wa\u017cnym o\u015brodkiem rybackim.<\/p>\n\n\n\n<p style=\"text-align: justify\">&nbsp;&nbsp;&nbsp;&nbsp;&nbsp;Jest takie miasto w Polsce, nad Ba\u0142tykiem, kt\u00f3re nazywa si\u0119 \u0141eb\u0105, otulone przez dwa jeziora, przeplatane malownicz\u0105 rzek\u0105, le\u017c\u0105ce w\u015br\u00f3d las\u00f3w pe\u0142nych bogactw i nieokie\u0142znanej przyrody. Jest to magiczne miejsce, w kt\u00f3rym i Ty mo\u017cesz poczu\u0107 si\u0119 jak kto\u015b wyj\u0105tkowy o ka\u017cdej porze roku. Tutaj wiosn\u0105 maj\u0105 zar\u00f3wno sw\u00f3j przystanek, jak i dom, klucze dzikich g\u0119si, kormoran\u00f3w, \u0142ab\u0119dzi, kaczek, a ich odg\u0142osy budz\u0105 \u0142ebian z zimowego u\u015bpienia. Leczniczy mikroklimat, du\u017ca zawarto\u015b\u0107 soli i jodu w powietrzu, wysokie nas\u0142onecznienie oraz wyj\u0105tkowa dynamika zmian atmosferycznych dzia\u0142aj\u0105 pozytywnie na organizm cz\u0142owieka. \u0141eba to tak\u017ce raj dla w\u0119dkarzy, fan\u00f3w nordic walking, rowerzyst\u00f3w oraz zapale\u0144c\u00f3w takich sport\u00f3w jak: windsurfing, diss wave, kitesurfing czy \u017ceglarstwo. Ciekaw\u0105 atrakcj\u0105 jest tak\u017ce nowoczesny port jachtowy z doskona\u0142ym zapleczem, kt\u00f3ry mo\u017ce przyj\u0105\u0107 nawet 120 jednostek p\u0142ywaj\u0105cych. Bogactwo bursztynu, kt\u00f3rym rokrocznie obdarza \u0141eb\u0119 morze, przyci\u0105ga rzesz\u0119 zbieraczy, poszukuj\u0105cych naturalnych skarb\u00f3w na \u0142ebskich pla\u017cach.<\/p>\n\n\n\n<figure class=\"wp-block-image size-full\"><img loading=\"lazy\" decoding=\"async\" width=\"800\" height=\"147\" src=\"https:\/\/itleba.pl\/ksiestwo\/wp-content\/uploads\/2023\/09\/stopka.png\" alt=\"\" class=\"wp-image-903\" srcset=\"https:\/\/itleba.pl\/ksiestwo\/wp-content\/uploads\/2023\/09\/stopka.png 800w, https:\/\/itleba.pl\/ksiestwo\/wp-content\/uploads\/2023\/09\/stopka-300x55.png 300w, https:\/\/itleba.pl\/ksiestwo\/wp-content\/uploads\/2023\/09\/stopka-768x141.png 768w\" sizes=\"auto, (max-width: 767px) 89vw, (max-width: 1000px) 54vw, (max-width: 1071px) 543px, 580px\" \/><\/figure>\n\n\n\n<div class=\"wp-block-columns is-layout-flex wp-container-core-columns-is-layout-9d6595d7 wp-block-columns-is-layout-flex\">\n<div class=\"wp-block-column is-layout-flow wp-block-column-is-layout-flow\">\n<figure class=\"wp-block-image size-full\"><a href=\"https:\/\/itleba.pl\/slowinski-park-narodowy\/\"><img loading=\"lazy\" decoding=\"async\" width=\"512\" height=\"330\" src=\"https:\/\/itleba.pl\/ksiestwo\/wp-content\/uploads\/2023\/09\/slowinski-park-narodowy-1.webp\" alt=\"\" class=\"wp-image-1029\" srcset=\"https:\/\/itleba.pl\/ksiestwo\/wp-content\/uploads\/2023\/09\/slowinski-park-narodowy-1.webp 512w, https:\/\/itleba.pl\/ksiestwo\/wp-content\/uploads\/2023\/09\/slowinski-park-narodowy-1-300x193.webp 300w\" sizes=\"auto, (max-width: 512px) 100vw, 512px\" \/><\/a><figcaption class=\"wp-element-caption\"><strong>S\u0142owi\u0144ski Park Narodowy<\/strong><\/figcaption><\/figure>\n\n\n\n<p>Utworzony zosta\u0142 1 stycznia 1967 r. W 1977 r. zosta\u0142 uznany przez UNESCO jako \u015bwiatowy Rezerwat Biosfery<\/p>\n<\/div>\n\n\n\n<div class=\"wp-block-column is-layout-flow wp-block-column-is-layout-flow\">\n<figure class=\"wp-block-image size-full\"><a href=\"https:\/\/itleba.pl\/atrakcje-w-lebie\/\"><img loading=\"lazy\" decoding=\"async\" width=\"512\" height=\"330\" src=\"https:\/\/itleba.pl\/ksiestwo\/wp-content\/uploads\/2023\/09\/rzeka-leba.webp\" alt=\"\" class=\"wp-image-1033\" srcset=\"https:\/\/itleba.pl\/ksiestwo\/wp-content\/uploads\/2023\/09\/rzeka-leba.webp 512w, https:\/\/itleba.pl\/ksiestwo\/wp-content\/uploads\/2023\/09\/rzeka-leba-300x193.webp 300w\" sizes=\"auto, (max-width: 512px) 100vw, 512px\" \/><\/a><figcaption class=\"wp-element-caption\"><strong>Atrakcje w Ksi\u0119stwie \u0141eba<\/strong><\/figcaption><\/figure>\n\n\n\n<p>Przewodnik po atrakcjach miasta \u0141eby oraz okolicach i ciekawych obiektach wartych odwiedzenia w czasie pobytu w \u0141ebie<\/p>\n<\/div>\n<\/div>\n\n\n\n<div class=\"wp-block-columns is-layout-flex wp-container-core-columns-is-layout-9d6595d7 wp-block-columns-is-layout-flex\">\n<div class=\"wp-block-column is-layout-flow wp-block-column-is-layout-flow\">\n<figure class=\"wp-block-image size-full\"><a href=\"https:\/\/itleba.pl\/szkola-podstawowa-w-lebie\/\"><img loading=\"lazy\" decoding=\"async\" width=\"512\" height=\"330\" src=\"https:\/\/itleba.pl\/ksiestwo\/wp-content\/uploads\/2023\/09\/szkola-podstawowa.webp\" alt=\"Ksi\u0119stwo \u0141eba - Szko\u0142a Podstawowa\" class=\"wp-image-1030\" srcset=\"https:\/\/itleba.pl\/ksiestwo\/wp-content\/uploads\/2023\/09\/szkola-podstawowa.webp 512w, https:\/\/itleba.pl\/ksiestwo\/wp-content\/uploads\/2023\/09\/szkola-podstawowa-300x193.webp 300w\" sizes=\"auto, (max-width: 512px) 100vw, 512px\" \/><\/a><figcaption class=\"wp-element-caption\"><strong>Szko\u0142a Podstawowa<\/strong><\/figcaption><\/figure>\n\n\n\n<p>Dawniej imienia Feliksa Dzier\u017cy\u0144skiego obecnie imieniem Adama Mickiewicza. Wybudowana w 1962 roku<\/p>\n<\/div>\n\n\n\n<div class=\"wp-block-column is-layout-flow wp-block-column-is-layout-flow\">\n<figure class=\"wp-block-image size-full\"><a href=\"https:\/\/itleba.pl\/spacer-po-lebie\/\"><img loading=\"lazy\" decoding=\"async\" width=\"512\" height=\"330\" src=\"https:\/\/itleba.pl\/ksiestwo\/wp-content\/uploads\/2023\/09\/morze-baltyckie.webp\" alt=\"Ksi\u0119stwo \u0141eba - morz Ba\u0142tyckie\" class=\"wp-image-1032\" srcset=\"https:\/\/itleba.pl\/ksiestwo\/wp-content\/uploads\/2023\/09\/morze-baltyckie.webp 512w, https:\/\/itleba.pl\/ksiestwo\/wp-content\/uploads\/2023\/09\/morze-baltyckie-300x193.webp 300w\" sizes=\"auto, (max-width: 512px) 100vw, 512px\" \/><\/a><figcaption class=\"wp-element-caption\"><strong>Wycieczki po \u0141ebie i okolicy<\/strong><\/figcaption><\/figure>\n\n\n\n<p>Podczas wakacyjnego pobyt\u00f3w w \u0141ebie nale\u017cy zorganizowa\u0107 wycieczk\u0119 na wydmy. Wycieczk\u0119 t\u0105 mo\u017cna prowadzi\u0107 na<\/p>\n<\/div>\n<\/div>\n","protected":false},"excerpt":{"rendered":"<p>&nbsp;&nbsp;&nbsp;&nbsp;&nbsp;Mo\u017cesz by\u0107 artyst\u0105, kt\u00f3ry chcia\u0142by przedstawi\u0107 siebie i swoj\u0105 prac\u0119, a mo\u017ce to strona \u0141eba po\u0142o\u017cona jest w p\u00f3\u0142nocnej cz\u0119\u015bci powiatu l\u0119borskiego pomi\u0119dzy jeziorami \u0141ebsko i Sarbsko, przy uj\u015bciu rzeki \u0141eby do Morza Ba\u0142tyckiego w otulinie las\u00f3w S\u0142owi\u0144skiego Parku Narodowego oraz Rezerwatu Mierzei Sarbskiej. \u0141eba w roku 1357 otrzyma\u0142a prawa miejskie. Pomimo \u017ce by\u0142a niedu\u017cym &hellip; <\/p>\n<p class=\"link-more\"><a href=\"https:\/\/itleba.pl\/ksiestwo\/informacje\/\" class=\"more-link\">Czytaj dalej<span class=\"screen-reader-text\"> \u201ePRZEWODNIK\u201d<\/span><\/a><\/p>\n","protected":false},"author":1,"featured_media":86,"parent":0,"menu_order":0,"comment_status":"closed","ping_status":"closed","template":"","meta":{"footnotes":""},"class_list":["post-1659","page","type-page","status-publish","has-post-thumbnail","hentry"],"_links":{"self":[{"href":"https:\/\/itleba.pl\/ksiestwo\/wp-json\/wp\/v2\/pages\/1659","targetHints":{"allow":["GET"]}}],"collection":[{"href":"https:\/\/itleba.pl\/ksiestwo\/wp-json\/wp\/v2\/pages"}],"about":[{"href":"https:\/\/itleba.pl\/ksiestwo\/wp-json\/wp\/v2\/types\/page"}],"author":[{"embeddable":true,"href":"https:\/\/itleba.pl\/ksiestwo\/wp-json\/wp\/v2\/users\/1"}],"replies":[{"embeddable":true,"href":"https:\/\/itleba.pl\/ksiestwo\/wp-json\/wp\/v2\/comments?post=1659"}],"version-history":[{"count":6,"href":"https:\/\/itleba.pl\/ksiestwo\/wp-json\/wp\/v2\/pages\/1659\/revisions"}],"predecessor-version":[{"id":1870,"href":"https:\/\/itleba.pl\/ksiestwo\/wp-json\/wp\/v2\/pages\/1659\/revisions\/1870"}],"wp:featuredmedia":[{"embeddable":true,"href":"https:\/\/itleba.pl\/ksiestwo\/wp-json\/wp\/v2\/media\/86"}],"wp:attachment":[{"href":"https:\/\/itleba.pl\/ksiestwo\/wp-json\/wp\/v2\/media?parent=1659"}],"curies":[{"name":"wp","href":"https:\/\/api.w.org\/{rel}","templated":true}]}}