{"id":340,"date":"2021-08-01T18:01:52","date_gmt":"2021-08-01T18:01:52","guid":{"rendered":"http:\/\/leba.biz\/ela\/?page_id=12"},"modified":"2024-10-12T19:18:15","modified_gmt":"2024-10-12T19:18:15","slug":"sekcja-strony-glownej-2","status":"publish","type":"page","link":"https:\/\/itleba.pl\/galeria\/sekcja-strony-glownej-2\/","title":{"rendered":"Galeria historii"},"content":{"rendered":"\n<p style=\"text-align: justify;\">    <\/p>\n\n\n\n<div class=\"wp-block-columns is-layout-flex wp-container-core-columns-is-layout-9d6595d7 wp-block-columns-is-layout-flex\">\n<div class=\"wp-block-column is-layout-flow wp-block-column-is-layout-flow\">\n<figure class=\"wp-block-image size-full\"><a href=\"https:\/\/itleba.pl\/galeria\/gallery\/leba-na-dawnych-fotografiach\/\"><img loading=\"lazy\" decoding=\"async\" width=\"400\" height=\"275\" src=\"https:\/\/itleba.pl\/galeria\/wp-content\/uploads\/2024\/09\/leba-lecznica-i-dawna.webp\" alt=\"\" class=\"wp-image-785\" srcset=\"https:\/\/itleba.pl\/galeria\/wp-content\/uploads\/2024\/09\/leba-lecznica-i-dawna.webp 400w, https:\/\/itleba.pl\/galeria\/wp-content\/uploads\/2024\/09\/leba-lecznica-i-dawna-300x206.webp 300w\" sizes=\"auto, (max-width: 400px) 100vw, 400px\" \/><\/a><figcaption class=\"wp-element-caption\"><strong>\u0141eba w dawnej fotografii<\/strong><\/figcaption><\/figure>\n\n\n\n<p>Kilka fotografii przedstawiaj\u0105cych dzieje \u0141eby i jej mieszka\u0144c\u00f3w w r\u00f3\u017cnych sytuacjach<\/p>\n<\/div>\n\n\n\n<div class=\"wp-block-column is-layout-flow wp-block-column-is-layout-flow\">\n<figure class=\"wp-block-image size-full\"><a href=\"https:\/\/itleba.pl\/galeria\/gallery\/leba-na-dawnych-kartach-pocztowych\/\"><img loading=\"lazy\" decoding=\"async\" width=\"400\" height=\"275\" src=\"https:\/\/itleba.pl\/galeria\/wp-content\/uploads\/2024\/09\/leba-na-kartach-pocztowych.webp\" alt=\"\" class=\"wp-image-1154\" srcset=\"https:\/\/itleba.pl\/galeria\/wp-content\/uploads\/2024\/09\/leba-na-kartach-pocztowych.webp 400w, https:\/\/itleba.pl\/galeria\/wp-content\/uploads\/2024\/09\/leba-na-kartach-pocztowych-300x206.webp 300w\" sizes=\"auto, (max-width: 400px) 100vw, 400px\" \/><\/a><figcaption class=\"wp-element-caption\"><strong>\u0141eba na dawnych kartach pocztowych<\/strong><\/figcaption><\/figure>\n\n\n\n<p>Zbi\u00f3r kart pocztowych \u0141eby z okresu od 1906 roku do 1990 roku. W zbiorze mo\u017cna zobaczy\u0107 jak wygl\u0105da\u0142y dawniej<\/p>\n<\/div>\n<\/div>\n\n\n\n<div class=\"wp-block-columns is-layout-flex wp-container-core-columns-is-layout-9d6595d7 wp-block-columns-is-layout-flex\">\n<div class=\"wp-block-column is-layout-flow wp-block-column-is-layout-flow\">\n<figure class=\"wp-block-image size-full\"><a href=\"https:\/\/itleba.pl\/galeria\/gallery\/leba-na-dawnych-fotografiach-2\/\"><img loading=\"lazy\" decoding=\"async\" width=\"400\" height=\"275\" src=\"https:\/\/itleba.pl\/galeria\/wp-content\/uploads\/2024\/10\/Leba-stara-fotografia.webp\" alt=\"\" class=\"wp-image-1634\" srcset=\"https:\/\/itleba.pl\/galeria\/wp-content\/uploads\/2024\/10\/Leba-stara-fotografia.webp 400w, https:\/\/itleba.pl\/galeria\/wp-content\/uploads\/2024\/10\/Leba-stara-fotografia-300x206.webp 300w\" sizes=\"auto, (max-width: 400px) 100vw, 400px\" \/><\/a><figcaption class=\"wp-element-caption\"><strong>\u0141eba w dawnej fotografii<\/strong><\/figcaption><\/figure>\n\n\n\n<p>Kolejne kilkadziesi\u0105t fotografii przedstawiaj\u0105cych dzieje \u0141eby i jej mieszka\u0144c\u00f3w w r\u00f3\u017cnych sytuacjach<\/p>\n<\/div>\n\n\n\n<div class=\"wp-block-column is-layout-flow wp-block-column-is-layout-flow\">\n<figure class=\"wp-block-image size-full\"><a href=\"https:\/\/itleba.pl\/galeria\/gallery\/lebork-w-dawnej-fotografii\/\"><img loading=\"lazy\" decoding=\"async\" width=\"400\" height=\"275\" src=\"https:\/\/itleba.pl\/galeria\/wp-content\/uploads\/2024\/10\/Lebork-w-dawnej-fotografii.webp\" alt=\"\" class=\"wp-image-1993\" srcset=\"https:\/\/itleba.pl\/galeria\/wp-content\/uploads\/2024\/10\/Lebork-w-dawnej-fotografii.webp 400w, https:\/\/itleba.pl\/galeria\/wp-content\/uploads\/2024\/10\/Lebork-w-dawnej-fotografii-300x206.webp 300w\" sizes=\"auto, (max-width: 400px) 100vw, 400px\" \/><\/a><figcaption class=\"wp-element-caption\"><strong>L\u0119bork w dawnej fotografii<\/strong><\/figcaption><\/figure>\n\n\n\n<p>Du\u017cy zbi\u00f3r zdj\u0119\u0107 L\u0119borka z okresu od 1830 roku do 1939 roku. W zbiorze mo\u017cna zobaczy\u0107 jak miasto wygl\u0105da\u0142o dawniej<\/p>\n<\/div>\n<\/div>\n\n\n\n<div class=\"wp-block-columns is-layout-flex wp-container-core-columns-is-layout-9d6595d7 wp-block-columns-is-layout-flex\">\n<div class=\"wp-block-column is-layout-flow wp-block-column-is-layout-flow\">\n<figure class=\"wp-block-image size-full\"><a href=\"https:\/\/itleba.pl\/galeria\/gallery\/leba-kronika-szkolna-1945-1964\/\"><img loading=\"lazy\" decoding=\"async\" width=\"400\" height=\"275\" src=\"https:\/\/itleba.pl\/galeria\/wp-content\/uploads\/2024\/09\/Szkola-kronika.webp\" alt=\"\" class=\"wp-image-1013\" srcset=\"https:\/\/itleba.pl\/galeria\/wp-content\/uploads\/2024\/09\/Szkola-kronika.webp 400w, https:\/\/itleba.pl\/galeria\/wp-content\/uploads\/2024\/09\/Szkola-kronika-300x206.webp 300w\" sizes=\"auto, (max-width: 400px) 100vw, 400px\" \/><\/a><figcaption class=\"wp-element-caption\"><strong>Kronika szko\u0142y podstawowej w \u0141ebie od 1945<\/strong><\/figcaption><\/figure>\n\n\n\n<p>Kronika Szko\u0142y Podstawowej w \u0141ebie spisana r\u0119cznie, opisuj\u0105ca \u017cycie szkolne w latach 1945 &#8211; 1964<\/p>\n<\/div>\n\n\n\n<div class=\"wp-block-column is-layout-flow wp-block-column-is-layout-flow\">\n<figure class=\"wp-block-image size-full\"><a href=\"https:\/\/itleba.pl\/galeria\/gallery\/leba-kronika-szkolna-1960-1987\/\"><img loading=\"lazy\" decoding=\"async\" width=\"400\" height=\"275\" src=\"https:\/\/itleba.pl\/galeria\/wp-content\/uploads\/2024\/09\/Szkola-kronika-zalacznik.webp\" alt=\"\" class=\"wp-image-1014\" srcset=\"https:\/\/itleba.pl\/galeria\/wp-content\/uploads\/2024\/09\/Szkola-kronika-zalacznik.webp 400w, https:\/\/itleba.pl\/galeria\/wp-content\/uploads\/2024\/09\/Szkola-kronika-zalacznik-300x206.webp 300w\" sizes=\"auto, (max-width: 400px) 100vw, 400px\" \/><\/a><figcaption class=\"wp-element-caption\"><strong>Kronika szko\u0142y podstawowej w \u0141ebie od 1960<\/strong><\/figcaption><\/figure>\n\n\n\n<p>Kronika Szko\u0142y Podstawowej w \u0141ebie &#8211; za\u0142\u0105cznik fotograficzny dokumentuj\u0105ca \u017cycie szkolne w latach 1960 &#8211; 1987<\/p>\n<\/div>\n<\/div>\n\n\n\n<div class=\"wp-block-columns is-layout-flex wp-container-core-columns-is-layout-9d6595d7 wp-block-columns-is-layout-flex\">\n<div class=\"wp-block-column is-layout-flow wp-block-column-is-layout-flow\">\n<figure class=\"wp-block-image size-full\"><a href=\"https:\/\/itleba.pl\/galeria\/gallery\/szkola-podstawowa-leba-1974\/\"><img loading=\"lazy\" decoding=\"async\" width=\"400\" height=\"275\" src=\"https:\/\/itleba.pl\/galeria\/wp-content\/uploads\/2024\/10\/Szkol-Podstawowa-Leba-1974.webp\" alt=\"\" class=\"wp-image-2250\" srcset=\"https:\/\/itleba.pl\/galeria\/wp-content\/uploads\/2024\/10\/Szkol-Podstawowa-Leba-1974.webp 400w, https:\/\/itleba.pl\/galeria\/wp-content\/uploads\/2024\/10\/Szkol-Podstawowa-Leba-1974-300x206.webp 300w\" sizes=\"auto, (max-width: 400px) 100vw, 400px\" \/><\/a><figcaption class=\"wp-element-caption\"><strong>Szko\u0142a Podstawowa w \u0141ebie rocznik 1974<\/strong><\/figcaption><\/figure>\n\n\n\n<p>Zbi\u00f3r zdj\u0119\u0107 dostarczonych przez uczni\u00f3w Szko\u0142y Podstawowej w \u0141ebie rocznik 1974 przed organizowanym zlotem<\/p>\n<\/div>\n\n\n\n<div class=\"wp-block-column is-layout-flow wp-block-column-is-layout-flow\">\n<figure class=\"wp-block-image size-full\"><a href=\"https:\/\/itleba.pl\/galeria\/gallery\/szkola-podstawowa-leba-1974-zlot-w-2014\/\"><img loading=\"lazy\" decoding=\"async\" width=\"400\" height=\"275\" src=\"https:\/\/itleba.pl\/galeria\/wp-content\/uploads\/2024\/10\/Szkol-Podstawowa-Leba-zlot-2014.webp\" alt=\"\" class=\"wp-image-2251\" srcset=\"https:\/\/itleba.pl\/galeria\/wp-content\/uploads\/2024\/10\/Szkol-Podstawowa-Leba-zlot-2014.webp 400w, https:\/\/itleba.pl\/galeria\/wp-content\/uploads\/2024\/10\/Szkol-Podstawowa-Leba-zlot-2014-300x206.webp 300w\" sizes=\"auto, (max-width: 400px) 100vw, 400px\" \/><\/a><figcaption class=\"wp-element-caption\"><strong>Szko\u0142a Podstawowa w \u0141ebie rocznik 1974<\/strong><\/figcaption><\/figure>\n\n\n\n<p>Szko\u0142a Podstawowa w \u0141ebie. Migawki dokumentuj\u0105ce zlot rocznika 1974 w roku 2014<\/p>\n<\/div>\n<\/div>\n","protected":false},"excerpt":{"rendered":"<p>Kilka fotografii przedstawiaj\u0105cych dzieje \u0141eby i jej mieszka\u0144c\u00f3w w r\u00f3\u017cnych sytuacjach Zbi\u00f3r kart pocztowych \u0141eby z okresu od 1906 roku do 1990 roku. W zbiorze mo\u017cna zobaczy\u0107 jak wygl\u0105da\u0142y dawniej Kolejne kilkadziesi\u0105t fotografii przedstawiaj\u0105cych dzieje \u0141eby i jej mieszka\u0144c\u00f3w w r\u00f3\u017cnych sytuacjach Du\u017cy zbi\u00f3r zdj\u0119\u0107 L\u0119borka z okresu od 1830 roku do 1939 roku. W &hellip; <\/p>\n<p class=\"link-more\"><a href=\"https:\/\/itleba.pl\/galeria\/sekcja-strony-glownej-2\/\" class=\"more-link\">Czytaj dalej<span class=\"screen-reader-text\"> \u201eGaleria historii\u201d<\/span><\/a><\/p>\n","protected":false},"author":1,"featured_media":410,"parent":0,"menu_order":0,"comment_status":"closed","ping_status":"closed","template":"","meta":{"footnotes":""},"class_list":["post-340","page","type-page","status-publish","has-post-thumbnail","hentry"],"_links":{"self":[{"href":"https:\/\/itleba.pl\/galeria\/wp-json\/wp\/v2\/pages\/340","targetHints":{"allow":["GET"]}}],"collection":[{"href":"https:\/\/itleba.pl\/galeria\/wp-json\/wp\/v2\/pages"}],"about":[{"href":"https:\/\/itleba.pl\/galeria\/wp-json\/wp\/v2\/types\/page"}],"author":[{"embeddable":true,"href":"https:\/\/itleba.pl\/galeria\/wp-json\/wp\/v2\/users\/1"}],"replies":[{"embeddable":true,"href":"https:\/\/itleba.pl\/galeria\/wp-json\/wp\/v2\/comments?post=340"}],"version-history":[{"count":26,"href":"https:\/\/itleba.pl\/galeria\/wp-json\/wp\/v2\/pages\/340\/revisions"}],"predecessor-version":[{"id":2254,"href":"https:\/\/itleba.pl\/galeria\/wp-json\/wp\/v2\/pages\/340\/revisions\/2254"}],"wp:featuredmedia":[{"embeddable":true,"href":"https:\/\/itleba.pl\/galeria\/wp-json\/wp\/v2\/media\/410"}],"wp:attachment":[{"href":"https:\/\/itleba.pl\/galeria\/wp-json\/wp\/v2\/media?parent=340"}],"curies":[{"name":"wp","href":"https:\/\/api.w.org\/{rel}","templated":true}]}}