{"id":337,"date":"2021-08-01T18:01:52","date_gmt":"2021-08-01T18:01:52","guid":{"rendered":"http:\/\/leba.biz\/ela\/?page_id=8"},"modified":"2021-08-01T18:01:52","modified_gmt":"2021-08-01T18:01:52","slug":"strona-glowna-2","status":"publish","type":"page","link":"https:\/\/itleba.pl\/ela\/","title":{"rendered":"SZANOWNI PA\u0143STWO"},"content":{"rendered":"\n<p style=\"text-align: justify;\">Go\u015bcinny Dom u El\u017cbiety to ciche i spokojne miejsce z rodzinn\u0105 atmosfer\u0105 . Obiekt po\u0142o\u017cony jest 300 metr\u00f3w to oko\u0142o 5 minut drogi do morza i blisko lasku sosnowego . Dok\u0142adn\u0105 lokalizacj\u0119 mog\u0105 Pa\u0144stwo prze\u015bledzi\u0107 na mapach Google. Wystarczy klikn\u0105\u0107 w obrazek mapy u do\u0142u strony.<\/p>\n\n\n\n<p style=\"text-align: justify;\">Go\u015bcinny Dom U El\u017cbiety oferujemy pokoje 1, 2, 3 osobowe z \u0142azienkami (umywalka, prysznic, WC). W ka\u017cdym pokoju \u2013 telewizor, czajnik bezprzewodowy, szklanki. Cz\u0119\u015b\u0107 pokoi posiada na wyposa\u017ceniu lod\u00f3wk\u0119, talerze, sztu\u0107ce, sprz\u0119t pla\u017cowy ( parawan, r\u0119cznik pla\u017cowy ).<\/p>\n\n\n\n<p style=\"text-align: justify;\">Obiekt posiada ograniczone miejsce do parkowania, du\u017cy teren zielony, grill i kuchni\u0119 og\u00f3lnodost\u0119pn\u0105. W promieniu 100-150 metr\u00f3w obiady domowe, bary, sklepy spo\u017cywcze, kiosk prasy. Centrum w odleg\u0142o\u015bci 10 minut, jeziora \u2013 15 i 35 minut, stadnina koni \u2013 20 minut. Swoje us\u0142ugi \u015bwiadczymy w okresie od miesi\u0105ca czerwca do miesi\u0105ca sierpnia.<\/p>\n\n\n\n<p class=\"has-text-align-right\"><strong>Serdecznie Pa\u0144stwa zapraszamy<\/strong><\/p>\n\n\n\n<p><\/p>\n\n\n<div class=\"wp-block-image\">\n<figure class=\"aligncenter size-full is-resized\"><a href=\"http:\/\/www.lotleba.pl\/\" target=\"_blank\" rel=\"noopener\"><img loading=\"lazy\" decoding=\"async\" src=\"https:\/\/itleba.pl\/ela\/wp-content\/uploads\/2021\/08\/ceryfikat_lot.jpg\" alt=\"\" class=\"wp-image-44\" style=\"width:488px;height:345px\" width=\"488\" height=\"345\" srcset=\"https:\/\/itleba.pl\/ela\/wp-content\/uploads\/2021\/08\/ceryfikat_lot.jpg 320w, https:\/\/itleba.pl\/ela\/wp-content\/uploads\/2021\/08\/ceryfikat_lot-300x212.jpg 300w\" sizes=\"auto, (max-width: 488px) 100vw, 488px\" \/><\/a><\/figure>\n<\/div>","protected":false},"excerpt":{"rendered":"<p>Go\u015bcinny Dom u El\u017cbiety to ciche i spokojne miejsce z rodzinn\u0105 atmosfer\u0105 . Obiekt po\u0142o\u017cony jest 300 metr\u00f3w to oko\u0142o 5 minut drogi do morza i blisko lasku sosnowego . Dok\u0142adn\u0105 lokalizacj\u0119 mog\u0105 Pa\u0144stwo prze\u015bledzi\u0107 na mapach Google. Wystarczy klikn\u0105\u0107 w obrazek mapy u do\u0142u strony. Go\u015bcinny Dom U El\u017cbiety oferujemy pokoje 1, 2, 3 &hellip; <\/p>\n<p class=\"link-more\"><a href=\"https:\/\/itleba.pl\/ela\/\" class=\"more-link\">Czytaj dalej<span class=\"screen-reader-text\"> \u201eSZANOWNI PA\u0143STWO\u201d<\/span><\/a><\/p>\n","protected":false},"author":1,"featured_media":34,"parent":0,"menu_order":0,"comment_status":"closed","ping_status":"closed","template":"","meta":{"footnotes":""},"class_list":["post-337","page","type-page","status-publish","has-post-thumbnail","hentry"],"_links":{"self":[{"href":"https:\/\/itleba.pl\/ela\/wp-json\/wp\/v2\/pages\/337","targetHints":{"allow":["GET"]}}],"collection":[{"href":"https:\/\/itleba.pl\/ela\/wp-json\/wp\/v2\/pages"}],"about":[{"href":"https:\/\/itleba.pl\/ela\/wp-json\/wp\/v2\/types\/page"}],"author":[{"embeddable":true,"href":"https:\/\/itleba.pl\/ela\/wp-json\/wp\/v2\/users\/1"}],"replies":[{"embeddable":true,"href":"https:\/\/itleba.pl\/ela\/wp-json\/wp\/v2\/comments?post=337"}],"version-history":[{"count":0,"href":"https:\/\/itleba.pl\/ela\/wp-json\/wp\/v2\/pages\/337\/revisions"}],"wp:featuredmedia":[{"embeddable":true,"href":"https:\/\/itleba.pl\/ela\/wp-json\/wp\/v2\/media\/34"}],"wp:attachment":[{"href":"https:\/\/itleba.pl\/ela\/wp-json\/wp\/v2\/media?parent=337"}],"curies":[{"name":"wp","href":"https:\/\/api.w.org\/{rel}","templated":true}]}}